{"id":3496,"date":"2020-02-12T08:51:30","date_gmt":"2020-02-12T07:51:30","guid":{"rendered":"https:\/\/poga2000.dk\/startseite\/"},"modified":"2025-09-01T11:06:50","modified_gmt":"2025-09-01T09:06:50","slug":"startseite","status":"publish","type":"page","link":"https:\/\/poga2000.dk\/de\/","title":{"rendered":"Startseite"},"content":{"rendered":"<section class=\"wpb-content-wrapper\"><p>[vc_row full_width=&#8220;stretch_row&#8220; css=&#8220;.vc_custom_1643629716128{background-image: url(https:\/\/poga2000.dk\/wp-content\/uploads\/2021\/05\/istock-1152759960-scaled.jpg?id=3086) !important;background-position: center !important;background-repeat: no-repeat !important;background-size: cover !important;}&#8220; el_class=&#8220;overlay mobile-hero&#8220;][vc_column offset=&#8220;vc_hidden-lg vc_hidden-md vc_hidden-sm&#8220;]<div class=\"ult-spacer spacer-69d00a4808e6a\" data-id=\"69d00a4808e6a\" data-height=\"0\" data-height-mobile=\"120\" data-height-tab=\"0\" data-height-tab-portrait=\"0\" data-height-mobile-landscape=\"120\" style=\"clear:both;display:block;\"><\/div>[vc_column_text]<\/p>\n<p style=\"text-align: center;\">Begleitfahrzeug und Transport<\/p>\n<p>[\/vc_column_text]<div class=\"ult-spacer spacer-69d00a4808eb9\" data-id=\"69d00a4808eb9\" data-height=\"0\" data-height-mobile=\"120\" data-height-tab=\"0\" data-height-tab-portrait=\"0\" data-height-mobile-landscape=\"120\" style=\"clear:both;display:block;\"><\/div>[\/vc_column][\/vc_row][vc_row full_width=&#8220;stretch_row&#8220; el_class=&#8220;front&#8220;][vc_column width=&#8220;1\/6&#8243;][\/vc_column][vc_column css_animation=&#8220;slideInDown&#8220; width=&#8220;2\/3&#8243;]<div class=\"ult-spacer spacer-69d00a4808ef3\" data-id=\"69d00a4808ef3\" data-height=\"90\" data-height-mobile=\"60\" data-height-tab=\"90\" data-height-tab-portrait=\"60\" data-height-mobile-landscape=\"60\" style=\"clear:both;display:block;\"><\/div>[vc_single_image image=&#8220;3284&#8243; alignment=&#8220;center&#8220;][vc_empty_space height=&#8220;30px&#8220;][vc_column_text]<\/p>\n<h1 style=\"text-align: center;\"><b>Internationaler Transport in D\u00e4nemark und ganz Europa<\/b><\/h1>\n<p style=\"text-align: center;\">POGA 2000 ist ein Unternehmen, das internationalen Transport anbietet. Wir entwickeln uns stark und gehen von den <a href=\"https:\/\/poga2000.dk\/de\/begleitfahrzeuge\/\">Begleitfahrzeugen<\/a> dazu \u00fcber, eine Zugmaschine gekauft zu haben. Wir haben weiterhin die M\u00f6glichkeit, Begleitfahrzeuge an die Kunden zu disponieren, haben aber selbst keine mehr. Wir besch\u00e4ftigen uns mit nationalem und internationalem Transport. Wir fahren in ganz Europa herum.<\/p>\n<p style=\"text-align: center;\">POGA 2000 arbeitet weiterhin in gro\u00dfem Umfang mit vielen Begleitfahrzeugunternehmen zusammen, sodass Sie uns jederzeit anrufen und sich mit uns dar\u00fcber unterhalten k\u00f6nnen, welche L\u00f6sungen am besten zu Ihnen passen &#8211; zu einem vern\u00fcnftigen Preis.<\/p>\n<p style=\"text-align: center;\">Wenn Sie also Transport oder einen <a href=\"https:\/\/poga2000.dk\/de\/transport-und-spedition-in-kolding-und-umgebung\/\">Frachtf\u00fchrer<\/a> in Kolding und Umgebung ben\u00f6tigen, z\u00f6gern Sie nicht, uns zu <a href=\"https:\/\/poga2000.dk\/de\/kontakt\/\">kontaktieren<\/a>. Sie k\u00f6nnen uns gerne unter <a href=\"tel:21209977\">21 20 99 77<\/a> oder <a href=\"tel:31491949\">31 49 19 49<\/a> anrufen. Sie k\u00f6nnen auch eine E-Mail an <a href=\"mailto:info@poga2000.dk\">info@poga2000.dk<\/a> senden. Wir bem\u00fchen uns, Ihre Anfragen so schnell wie m\u00f6glich zu beantworten. Wir freuen uns darauf, von Ihnen zu h\u00f6ren.<\/p>\n<p>[\/vc_column_text]<div class=\"ult-spacer spacer-69d00a4808f1f\" data-id=\"69d00a4808f1f\" data-height=\"90\" data-height-mobile=\"60\" data-height-tab=\"90\" data-height-tab-portrait=\"60\" data-height-mobile-landscape=\"60\" style=\"clear:both;display:block;\"><\/div>[\/vc_column][vc_column width=&#8220;1\/6&#8243;][\/vc_column][\/vc_row][vc_row full_width=&#8220;stretch_row_content&#8220; el_class=&#8220;stretch-full&#8220; css=&#8220;.vc_custom_1643629947548{background-color: #f7f7f7 !important;}&#8220;][vc_column css_animation=&#8220;slideInLeft&#8220;]<div class=\"ult-spacer spacer-69d00a4808f46\" data-id=\"69d00a4808f46\" data-height=\"90\" data-height-mobile=\"60\" data-height-tab=\"90\" data-height-tab-portrait=\"60\" data-height-mobile-landscape=\"60\" style=\"clear:both;display:block;\"><\/div>[vc_row_inner][vc_column_inner width=&#8220;1\/2&#8243; offset=&#8220;vc_col-lg-3 vc_col-md-6 vc_col-xs-12&#8243;]<div class=\"ult-new-ib ult-ib-effect-style1  ult-ib-resp ult-ib2-min-height \" data-min-width=\"0\" data-max-width=\"0\" style=\"background:#000000; opacity:0; \" data-opacity=\"0.7\" data-hover-opacity=\"0.4\"  data-min-height=\"300\" ><img decoding=\"async\" class=\"ult-new-ib-img\" style=\"opacity:0.7;\" alt=\"null\" src=\"https:\/\/poga2000.dk\/wp-content\/uploads\/2022\/01\/unnamed5.jpeg\"  data-min-height=\"300\"   \/><div id=\"interactive-banner-wrap-7063\" class=\"ult-new-ib-desc\" style=\"\"><h3 class=\"ult-new-ib-title ult-responsive\"  data-ultimate-target='#interactive-banner-wrap-7063 .ult-new-ib-title'  data-responsive-json-new='{\"font-size\":\"desktop:26px;tablet:26px;tablet_portrait:22px;mobile_landscape:26px;mobile:22px;\",\"line-height\":\"\"}'  style=\"font-weight:normal;color:#ffffff;\">Begleitfahrzeug<\/h3><div class=\"ult-new-ib-content ult-responsive\"  data-ultimate-target='#interactive-banner-wrap-7063 .ult-new-ib-content'  data-responsive-json-new='{\"font-size\":\"desktop:16px;\",\"line-height\":\"\"}'  style=\"font-weight:200;color:#ffffff;\"><p>Lesen Sie hier mehr<\/p><\/div><\/div><a class=\"ult-new-ib-link\" href=\"\/foelgebil\/\" title=\"F\u00f8lgebil\"  ><\/a><\/div><div class=\"ult-spacer spacer-69d00a48094fc\" data-id=\"69d00a48094fc\" data-height=\"0\" data-height-mobile=\"30\" data-height-tab=\"60\" data-height-tab-portrait=\"60\" data-height-mobile-landscape=\"30\" style=\"clear:both;display:block;\"><\/div>[\/vc_column_inner][vc_column_inner width=&#8220;1\/2&#8243; offset=&#8220;vc_col-lg-3 vc_col-md-6 vc_col-xs-12&#8243;]<div class=\"ult-new-ib ult-ib-effect-style1  ult-ib-resp ult-ib2-min-height \" data-min-width=\"0\" data-max-width=\"0\" style=\"background:#000000; opacity:0; \" data-opacity=\"0.7\" data-hover-opacity=\"0.4\"  data-min-height=\"300\" ><img decoding=\"async\" class=\"ult-new-ib-img\" style=\"opacity:0.7;\" alt=\"null\" src=\"https:\/\/poga2000.dk\/wp-content\/uploads\/2022\/06\/img-20220427-121427-scaled.jpg\"  data-min-height=\"300\"   \/><div id=\"interactive-banner-wrap-9433\" class=\"ult-new-ib-desc\" style=\"\"><h3 class=\"ult-new-ib-title ult-responsive\"  data-ultimate-target='#interactive-banner-wrap-9433 .ult-new-ib-title'  data-responsive-json-new='{\"font-size\":\"desktop:26px;tablet:26px;tablet_portrait:22px;mobile_landscape:26px;mobile:22px;\",\"line-height\":\"\"}'  style=\"font-weight:normal;color:#ffffff;\">Transport<\/h3><div class=\"ult-new-ib-content ult-responsive\"  data-ultimate-target='#interactive-banner-wrap-9433 .ult-new-ib-content'  data-responsive-json-new='{\"font-size\":\"desktop:16px;\",\"line-height\":\"\"}'  style=\"font-weight:200;color:#ffffff;\"><p>Lesen Sie hier mehr<\/p><\/div><\/div><a class=\"ult-new-ib-link\" href=\"\/transport\/\" title=\"Transport\"  ><\/a><\/div><div class=\"ult-spacer spacer-69d00a48097ea\" data-id=\"69d00a48097ea\" data-height=\"0\" data-height-mobile=\"30\" data-height-tab=\"60\" data-height-tab-portrait=\"60\" data-height-mobile-landscape=\"30\" style=\"clear:both;display:block;\"><\/div>[\/vc_column_inner][vc_column_inner width=&#8220;1\/2&#8243; offset=&#8220;vc_col-lg-3 vc_col-md-6 vc_col-xs-12&#8243;]<div class=\"ult-new-ib ult-ib-effect-style1  ult-ib-resp ult-ib2-min-height \" data-min-width=\"0\" data-max-width=\"0\" style=\"background:#000000; opacity:0; \" data-opacity=\"0.7\" data-hover-opacity=\"0.4\"  data-min-height=\"300\" ><img decoding=\"async\" class=\"ult-new-ib-img\" style=\"opacity:0.7;\" alt=\"null\" src=\"https:\/\/poga2000.dk\/wp-content\/uploads\/2022\/01\/unname4.jpeg\"  data-min-height=\"300\"   \/><div id=\"interactive-banner-wrap-3760\" class=\"ult-new-ib-desc\" style=\"\"><h3 class=\"ult-new-ib-title ult-responsive\"  data-ultimate-target='#interactive-banner-wrap-3760 .ult-new-ib-title'  data-responsive-json-new='{\"font-size\":\"desktop:26px;tablet:26px;tablet_portrait:22px;mobile_landscape:26px;mobile:22px;\",\"line-height\":\"\"}'  style=\"font-weight:normal;color:#ffffff;\">Buchung<\/h3><div class=\"ult-new-ib-content ult-responsive\"  data-ultimate-target='#interactive-banner-wrap-3760 .ult-new-ib-content'  data-responsive-json-new='{\"font-size\":\"desktop:16px;\",\"line-height\":\"\"}'  style=\"font-weight:200;color:#ffffff;\"><p>Lesen Sie hier mehr<\/p><\/div><\/div><a class=\"ult-new-ib-link\" href=\"\/booking\/\" title=\"Booking\"  ><\/a><\/div><div class=\"ult-spacer spacer-69d00a4809a72\" data-id=\"69d00a4809a72\" data-height=\"0\" data-height-mobile=\"30\" data-height-tab=\"0\" data-height-tab-portrait=\"0\" data-height-mobile-landscape=\"30\" style=\"clear:both;display:block;\"><\/div>[\/vc_column_inner][vc_column_inner width=&#8220;1\/2&#8243; offset=&#8220;vc_col-lg-3 vc_col-md-6 vc_col-xs-12&#8243;]<div class=\"ult-new-ib ult-ib-effect-style1  ult-ib-resp ult-ib2-min-height \" data-min-width=\"0\" data-max-width=\"0\" style=\"background:#000000; opacity:0; \" data-opacity=\"0.7\" data-hover-opacity=\"0.4\"  data-min-height=\"300\" ><img decoding=\"async\" class=\"ult-new-ib-img\" style=\"opacity:0.7;\" alt=\"null\" src=\"https:\/\/poga2000.dk\/wp-content\/uploads\/2021\/05\/hero-scaled.jpg\"  data-min-height=\"300\"   \/><div id=\"interactive-banner-wrap-4083\" class=\"ult-new-ib-desc\" style=\"\"><h3 class=\"ult-new-ib-title ult-responsive\"  data-ultimate-target='#interactive-banner-wrap-4083 .ult-new-ib-title'  data-responsive-json-new='{\"font-size\":\"desktop:26px;tablet:26px;tablet_portrait:22px;mobile_landscape:26px;mobile:22px;\",\"line-height\":\"\"}'  style=\"font-weight:normal;color:#ffffff;\">Kontakt<\/h3><div class=\"ult-new-ib-content ult-responsive\"  data-ultimate-target='#interactive-banner-wrap-4083 .ult-new-ib-content'  data-responsive-json-new='{\"font-size\":\"desktop:16px;\",\"line-height\":\"\"}'  style=\"font-weight:200;color:#ffffff;\"><p>Lesen Sie hier mehr<\/p><\/div><\/div><a class=\"ult-new-ib-link\" href=\"\/kontakt\/\" title=\"Kontakt\"  ><\/a><\/div>[\/vc_column_inner][\/vc_row_inner]<div class=\"ult-spacer spacer-69d00a4809d15\" data-id=\"69d00a4809d15\" data-height=\"90\" data-height-mobile=\"60\" data-height-tab=\"90\" data-height-tab-portrait=\"60\" data-height-mobile-landscape=\"60\" style=\"clear:both;display:block;\"><\/div>[\/vc_column][\/vc_row][vc_row full_width=&#8220;stretch_row&#8220;][vc_column]<div class=\"ult-spacer spacer-69d00a4809d3f\" data-id=\"69d00a4809d3f\" data-height=\"90\" data-height-mobile=\"60\" data-height-tab=\"90\" data-height-tab-portrait=\"60\" data-height-mobile-landscape=\"60\" style=\"clear:both;display:block;\"><\/div>[vc_row_inner][vc_column_inner width=&#8220;1\/2&#8243;][vc_column_text]<\/p>\n<h3 style=\"text-align: left;\">Schreiben Sie uns f\u00fcr nationalen und internationalen Transport oder wenn Sie weitere Fragen haben<\/h3>\n<p>[\/vc_column_text][vc_empty_space height=&#8220;20px&#8220;][vc_raw_html]W2Zvcm1pbmF0b3JfZm9ybSBpZD0iNjYiXQ==[\/vc_raw_html]<div class=\"ult-spacer spacer-69d00a4809d64\" data-id=\"69d00a4809d64\" data-height=\"0\" data-height-mobile=\"30\" data-height-tab=\"0\" data-height-tab-portrait=\"0\" data-height-mobile-landscape=\"30\" style=\"clear:both;display:block;\"><\/div>[\/vc_column_inner][vc_column_inner width=&#8220;1\/2&#8243;][vc_single_image image=&#8220;3368&#8243; img_size=&#8220;full&#8220; alignment=&#8220;center&#8220; onclick=&#8220;custom_link&#8220; img_link_target=&#8220;_blank&#8220; link=&#8220;https:\/\/www.bache.as\/&#8220;][\/vc_column_inner][\/vc_row_inner]<div class=\"ult-spacer spacer-69d00a4809d87\" data-id=\"69d00a4809d87\" data-height=\"90\" data-height-mobile=\"60\" data-height-tab=\"90\" data-height-tab-portrait=\"60\" data-height-mobile-landscape=\"60\" style=\"clear:both;display:block;\"><\/div>[\/vc_column][\/vc_row][vc_row full_width=&#8220;stretch_row&#8220; css=&#8220;.vc_custom_1665425613369{background-color: #000000 !important;}&#8220;][vc_column]<div class=\"ult-spacer spacer-69d00a4809da7\" data-id=\"69d00a4809da7\" data-height=\"90\" data-height-mobile=\"60\" data-height-tab=\"90\" data-height-tab-portrait=\"60\" data-height-mobile-landscape=\"60\" style=\"clear:both;display:block;\"><\/div>[vc_row_inner][vc_column_inner][vc_column_text el_class=&#8220;white&#8220;]<\/p>\n<h3 style=\"text-align: center;\">Wir unterst\u00fctzen<\/h3>\n<p>[\/vc_column_text][\/vc_column_inner][\/vc_row_inner][vc_empty_space height=&#8220;30px&#8220;][vc_row_inner][vc_column_inner width=&#8220;1\/3&#8243;][\/vc_column_inner][vc_column_inner width=&#8220;1\/3&#8243;][vc_single_image image=&#8220;3364&#8243; img_size=&#8220;full&#8220;][\/vc_column_inner][vc_column_inner width=&#8220;1\/3&#8243;][\/vc_column_inner][\/vc_row_inner]<div class=\"ult-spacer spacer-69d00a4809dc6\" data-id=\"69d00a4809dc6\" data-height=\"90\" data-height-mobile=\"60\" data-height-tab=\"90\" data-height-tab-portrait=\"60\" data-height-mobile-landscape=\"60\" style=\"clear:both;display:block;\"><\/div>[\/vc_column][\/vc_row][vc_row full_width=&#8220;stretch_row&#8220;][vc_column]<div class=\"ult-spacer spacer-69d00a4809dea\" data-id=\"69d00a4809dea\" data-height=\"90\" data-height-mobile=\"60\" data-height-tab=\"90\" data-height-tab-portrait=\"60\" data-height-mobile-landscape=\"60\" style=\"clear:both;display:block;\"><\/div>[vc_column_text]<\/p>\n<div class=\"blocks-preview-title-holder removable-parent order-handle\">\n<h3 style=\"text-align: center;\">Links<\/h3>\n<p style=\"text-align: center;\">Diejenigen, die an der Lieferung an den Pogabilen beteiligt waren, und diejenigen, mit denen Poga gefahren ist.<\/p>\n<p style=\"text-align: center;\">Evtl. Link zur Ausf\u00fchrung von Aufgaben.<\/p>\n<\/div>\n<p>[\/vc_column_text][vc_empty_space height=&#8220;30px&#8220;][vc_row_inner][vc_column_inner width=&#8220;1\/3&#8243;][vc_single_image image=&#8220;3340&#8243; alignment=&#8220;center&#8220; onclick=&#8220;custom_link&#8220; img_link_target=&#8220;_blank&#8220; link=&#8220;https:\/\/www.bache.as\/&#8220;]<div class=\"ult-spacer spacer-69d00a4809e09\" data-id=\"69d00a4809e09\" data-height=\"0\" data-height-mobile=\"30\" data-height-tab=\"0\" data-height-tab-portrait=\"0\" data-height-mobile-landscape=\"30\" style=\"clear:both;display:block;\"><\/div>[\/vc_column_inner][vc_column_inner width=&#8220;1\/3&#8243;][vc_single_image image=&#8220;3342&#8243; alignment=&#8220;center&#8220; onclick=&#8220;custom_link&#8220; img_link_target=&#8220;_blank&#8220; link=&#8220;https:\/\/politi.dk\/&#8220;]<div class=\"ult-spacer spacer-69d00a4809e26\" data-id=\"69d00a4809e26\" data-height=\"0\" data-height-mobile=\"30\" data-height-tab=\"0\" data-height-tab-portrait=\"0\" data-height-mobile-landscape=\"30\" style=\"clear:both;display:block;\"><\/div>[\/vc_column_inner][vc_column_inner width=&#8220;1\/3&#8243;][vc_single_image image=&#8220;3338&#8243; alignment=&#8220;center&#8220; onclick=&#8220;custom_link&#8220; img_link_target=&#8220;_blank&#8220; link=&#8220;https:\/\/www.autotec.dk\/&#8220;][\/vc_column_inner][\/vc_row_inner]<div class=\"ult-spacer spacer-69d00a4809e45\" data-id=\"69d00a4809e45\" data-height=\"90\" data-height-mobile=\"60\" data-height-tab=\"90\" data-height-tab-portrait=\"60\" data-height-mobile-landscape=\"60\" style=\"clear:both;display:block;\"><\/div>[\/vc_column][\/vc_row][vc_row][vc_column][vc_raw_html]PCEtLSBKU09OLUxELW1hcmtlcmluZyBnZW5lcmVyZXQgYWYgR29vZ2xlIE1hcmtlcmluZ3N2w6Zya3TDuGogdGlsIHN0cnVrdHVyZXJlZGUgZGF0YS4gLS0+CjxzY3JpcHQgdHlwZT0iYXBwbGljYXRpb24vbGQranNvbiI+CnsKIkBjb250ZXh0IjogImh0dHBzOi8vc2NoZW1hLm9yZy8iLAoiQHR5cGUiOiAiU2VydmljZSIsCiJzZXJ2aWNlVHlwZSI6ICJUcmFuc3BvcnQiLAoicHJvdmlkZXIiOiB7CiAgIkB0eXBlIiA6ICJMb2NhbEJ1c2luZXNzIiwKICAibmFtZSIgOiAiUE9HQSAyMDAwIEFwUyIsCiAgImltYWdlIiA6ICJodHRwczovL3BvZ2EyMDAwLmRrL3dwLWNvbnRlbnQvdXBsb2Fkcy8yMDIyLzA1L3BvZ2EtMjAwMC1hcHMtbG9nby5qcGciLAogICJ0ZWxlcGhvbmUiIDogIjIxIDIwIDk5IDc3IiwKICAiZW1haWwiIDogImluZm9AcG9nYTIwMDAuZGsiLAogICJhZGRyZXNzIiA6IHsKICAgICJAdHlwZSIgOiAiUG9zdGFsQWRkcmVzcyIsCiAgICAic3RyZWV0QWRkcmVzcyIgOiAiS8O4Ym1hbmRzZ2FkZSAzIiwKICAgICJhZGRyZXNzTG9jYWxpdHkiIDogIlNqw7hsdW5kIiwKICAgICJhZGRyZXNzQ291bnRyeSIgOiAiRGVubWFyayIsCiAgICAicG9zdGFsQ29kZSIgOiAiNjA5MyIKICB9LAogICJkZXNjcmlwdGlvbiI6ICJIb3MgUE9HQSAyMDAwIEFwcyB0aWxieWRlciB2aSB0cmFuc3BvcnQgb2cgc8OmcnRyYW5zcG9ydCBtZWQgZsO4bGdlYmlsZXIgaSBoZWxlIERhbm1hcmssIE5vcmRlbiBvZyBpIEV1cm9wYS4gVmkgc8O4cmdlciBmb3IgZW4gc2lra2VyaGVkLCBodXJ0aWcgb2cgYW5zdmFybGlnIHRyYW5zcG9ydCBhZiBkaW5lIHByb2R1a3Rlci4iLAogICJ1cmwiOiAiaHR0cHM6Ly9wb2dhMjAwMC5kay8iCn0sCiJhcmVhU2VydmVkIjogewogICAgIkB0eXBlIjogIkNvdW50cnkiLAogIm5hbWUiOiAiRGVubWFyayIKICB9LAogICJoYXNPZmZlckNhdGFsb2ciOiB7CiAgICAiQHR5cGUiOiAiT2ZmZXJDYXRhbG9nIiwKICAgICJuYW1lIjogIlRyYW5zcG9ydCIsCiAgICAiaXRlbUxpc3RFbGVtZW50IjogWwogICAgICB7CiAiQHR5cGUiOiAiT2ZmZXIiLAogICAgICAgICAgICAiaXRlbU9mZmVyZWQiOiB7CiAgICAgICAgICAgICAgIkB0eXBlIjogIlNlcnZpY2UiLAogICAgICAgICAgICAgICJuYW1lIjogIkbDuGxnZWJpbGVyIiAgICAKICAgICAgICAgICAgfQogICAgICB9CiAgICBdCiAgfQp9Cn0KPC9zY3JpcHQ+[\/vc_raw_html][\/vc_column][\/vc_row]<\/p>\n<\/section>","protected":false},"excerpt":{"rendered":"<p>[vc_row full_width=&#8220;stretch_row&#8220; css=&#8220;.vc_custom_1643629716128{background-image: url(https:\/\/poga2000.dk\/wp-content\/uploads\/2021\/05\/istock-1152759960-scaled.jpg?id=3086) !important;background-position: center !important;background-repeat: no-repeat !important;background-size: cover !important;}&#8220; el_class=&#8220;overlay mobile-hero&#8220;][vc_column offset=&#8220;vc_hidden-lg vc_hidden-md vc_hidden-sm&#8220;][vc_column_text] Begleitfahrzeug und Transport [\/vc_column_text][\/vc_column][\/vc_row][vc_row full_width=&#8220;stretch_row&#8220; el_class=&#8220;front&#8220;][vc_column width=&#8220;1\/6&#8243;][\/vc_column][vc_column css_animation=&#8220;slideInDown&#8220; width=&#8220;2\/3&#8243;][vc_single_image image=&#8220;3284&#8243; alignment=&#8220;center&#8220;][vc_empty_space height=&#8220;30px&#8220;][vc_column_text] Internationaler Transport in D\u00e4nemark und ganz Europa POGA 2000 ist ein Unternehmen, das internationalen Transport anbietet. Wir entwickeln uns stark und gehen von den Begleitfahrzeugen dazu \u00fcber, &#8230; <a title=\"Startseite\" class=\"read-more\" href=\"https:\/\/poga2000.dk\/de\/\" aria-label=\"Mehr zu Startseite\">Weiterlesen &#8230;<\/a><\/p>\n","protected":false},"author":1,"featured_media":0,"parent":0,"menu_order":0,"comment_status":"closed","ping_status":"closed","template":"","meta":{"footnotes":""},"categories":[],"acf":[],"yoast_head":"<!-- This site is optimized with the Yoast SEO plugin v20.10 - https:\/\/yoast.com\/wordpress\/plugins\/seo\/ -->\n<title>Internationaler Transport in D\u00e4nemark und ganz Europa &middot; POGA 2000 ApS<\/title>\n<meta name=\"description\" content=\"Suchen Sie ein Transportunternehmen, das internationalen Transport anbietet? POGA 2000 ApS hilft beim Transport in ganz Europa. Kontaktieren Sie uns noch heute.\" \/>\n<meta name=\"robots\" content=\"index, follow, max-snippet:-1, max-image-preview:large, max-video-preview:-1\" \/>\n<link rel=\"canonical\" href=\"https:\/\/poga2000.dk\/de\/\" \/>\n<meta property=\"og:locale\" content=\"de_DE\" \/>\n<meta property=\"og:type\" content=\"article\" \/>\n<meta property=\"og:title\" content=\"Internationaler Transport in D\u00e4nemark und ganz Europa &middot; POGA 2000 ApS\" \/>\n<meta property=\"og:description\" content=\"Suchen Sie ein Transportunternehmen, das internationalen Transport anbietet? POGA 2000 ApS hilft beim Transport in ganz Europa. Kontaktieren Sie uns noch heute.\" \/>\n<meta property=\"og:url\" content=\"https:\/\/poga2000.dk\/de\/\" \/>\n<meta property=\"og:site_name\" content=\"POGA 2000 ApS\" \/>\n<meta property=\"article:modified_time\" content=\"2025-09-01T09:06:50+00:00\" \/>\n<meta name=\"twitter:card\" content=\"summary_large_image\" \/>\n<meta name=\"twitter:label1\" content=\"Gesch\u00e4tzte Lesezeit\" \/>\n\t<meta name=\"twitter:data1\" content=\"8\u00a0Minuten\" \/>\n<script type=\"application\/ld+json\" class=\"yoast-schema-graph\">{\"@context\":\"https:\/\/schema.org\",\"@graph\":[{\"@type\":\"WebPage\",\"@id\":\"https:\/\/poga2000.dk\/de\/\",\"url\":\"https:\/\/poga2000.dk\/de\/\",\"name\":\"Internationaler Transport in D\u00e4nemark und ganz Europa &middot; POGA 2000 ApS\",\"isPartOf\":{\"@id\":\"https:\/\/poga2000.dk\/de\/#website\"},\"datePublished\":\"2020-02-12T07:51:30+00:00\",\"dateModified\":\"2025-09-01T09:06:50+00:00\",\"description\":\"Suchen Sie ein Transportunternehmen, das internationalen Transport anbietet? POGA 2000 ApS hilft beim Transport in ganz Europa. Kontaktieren Sie uns noch heute.\",\"breadcrumb\":{\"@id\":\"https:\/\/poga2000.dk\/de\/#breadcrumb\"},\"inLanguage\":\"de\",\"potentialAction\":[{\"@type\":\"ReadAction\",\"target\":[\"https:\/\/poga2000.dk\/de\/\"]}]},{\"@type\":\"BreadcrumbList\",\"@id\":\"https:\/\/poga2000.dk\/de\/#breadcrumb\",\"itemListElement\":[{\"@type\":\"ListItem\",\"position\":1,\"name\":\"Hjem\",\"item\":\"https:\/\/poga2000.dk\/de\/startseite\/\"},{\"@type\":\"ListItem\",\"position\":2,\"name\":\"Startseite\"}]},{\"@type\":\"WebSite\",\"@id\":\"https:\/\/poga2000.dk\/de\/#website\",\"url\":\"https:\/\/poga2000.dk\/de\/\",\"name\":\"POGA 2000 ApS\",\"description\":\"S\u00e6rtransport, tungtransport samt f\u00f8lgebiler i Kolding, Danmark\",\"publisher\":{\"@id\":\"https:\/\/poga2000.dk\/de\/#organization\"},\"potentialAction\":[{\"@type\":\"SearchAction\",\"target\":{\"@type\":\"EntryPoint\",\"urlTemplate\":\"https:\/\/poga2000.dk\/de\/?s={search_term_string}\"},\"query-input\":\"required name=search_term_string\"}],\"inLanguage\":\"de\"},{\"@type\":\"Organization\",\"@id\":\"https:\/\/poga2000.dk\/de\/#organization\",\"name\":\"POGA 2000 ApS\",\"url\":\"https:\/\/poga2000.dk\/de\/\",\"logo\":{\"@type\":\"ImageObject\",\"inLanguage\":\"de\",\"@id\":\"https:\/\/poga2000.dk\/de\/#\/schema\/logo\/image\/\",\"url\":\"https:\/\/poga2000.dk\/wp-content\/uploads\/2022\/12\/asset-2.svg\",\"contentUrl\":\"https:\/\/poga2000.dk\/wp-content\/uploads\/2022\/12\/asset-2.svg\",\"width\":599,\"height\":599,\"caption\":\"POGA 2000 ApS\"},\"image\":{\"@id\":\"https:\/\/poga2000.dk\/de\/#\/schema\/logo\/image\/\"}}]}<\/script>\n<!-- \/ Yoast SEO plugin. -->","yoast_head_json":{"title":"Internationaler Transport in D\u00e4nemark und ganz Europa &middot; POGA 2000 ApS","description":"Suchen Sie ein Transportunternehmen, das internationalen Transport anbietet? POGA 2000 ApS hilft beim Transport in ganz Europa. Kontaktieren Sie uns noch heute.","robots":{"index":"index","follow":"follow","max-snippet":"max-snippet:-1","max-image-preview":"max-image-preview:large","max-video-preview":"max-video-preview:-1"},"canonical":"https:\/\/poga2000.dk\/de\/","og_locale":"de_DE","og_type":"article","og_title":"Internationaler Transport in D\u00e4nemark und ganz Europa &middot; POGA 2000 ApS","og_description":"Suchen Sie ein Transportunternehmen, das internationalen Transport anbietet? POGA 2000 ApS hilft beim Transport in ganz Europa. Kontaktieren Sie uns noch heute.","og_url":"https:\/\/poga2000.dk\/de\/","og_site_name":"POGA 2000 ApS","article_modified_time":"2025-09-01T09:06:50+00:00","twitter_card":"summary_large_image","twitter_misc":{"Gesch\u00e4tzte Lesezeit":"8\u00a0Minuten"},"schema":{"@context":"https:\/\/schema.org","@graph":[{"@type":"WebPage","@id":"https:\/\/poga2000.dk\/de\/","url":"https:\/\/poga2000.dk\/de\/","name":"Internationaler Transport in D\u00e4nemark und ganz Europa &middot; POGA 2000 ApS","isPartOf":{"@id":"https:\/\/poga2000.dk\/de\/#website"},"datePublished":"2020-02-12T07:51:30+00:00","dateModified":"2025-09-01T09:06:50+00:00","description":"Suchen Sie ein Transportunternehmen, das internationalen Transport anbietet? POGA 2000 ApS hilft beim Transport in ganz Europa. Kontaktieren Sie uns noch heute.","breadcrumb":{"@id":"https:\/\/poga2000.dk\/de\/#breadcrumb"},"inLanguage":"de","potentialAction":[{"@type":"ReadAction","target":["https:\/\/poga2000.dk\/de\/"]}]},{"@type":"BreadcrumbList","@id":"https:\/\/poga2000.dk\/de\/#breadcrumb","itemListElement":[{"@type":"ListItem","position":1,"name":"Hjem","item":"https:\/\/poga2000.dk\/de\/startseite\/"},{"@type":"ListItem","position":2,"name":"Startseite"}]},{"@type":"WebSite","@id":"https:\/\/poga2000.dk\/de\/#website","url":"https:\/\/poga2000.dk\/de\/","name":"POGA 2000 ApS","description":"S\u00e6rtransport, tungtransport samt f\u00f8lgebiler i Kolding, Danmark","publisher":{"@id":"https:\/\/poga2000.dk\/de\/#organization"},"potentialAction":[{"@type":"SearchAction","target":{"@type":"EntryPoint","urlTemplate":"https:\/\/poga2000.dk\/de\/?s={search_term_string}"},"query-input":"required name=search_term_string"}],"inLanguage":"de"},{"@type":"Organization","@id":"https:\/\/poga2000.dk\/de\/#organization","name":"POGA 2000 ApS","url":"https:\/\/poga2000.dk\/de\/","logo":{"@type":"ImageObject","inLanguage":"de","@id":"https:\/\/poga2000.dk\/de\/#\/schema\/logo\/image\/","url":"https:\/\/poga2000.dk\/wp-content\/uploads\/2022\/12\/asset-2.svg","contentUrl":"https:\/\/poga2000.dk\/wp-content\/uploads\/2022\/12\/asset-2.svg","width":599,"height":599,"caption":"POGA 2000 ApS"},"image":{"@id":"https:\/\/poga2000.dk\/de\/#\/schema\/logo\/image\/"}}]}},"_links":{"self":[{"href":"https:\/\/poga2000.dk\/de\/wp-json\/wp\/v2\/pages\/3496"}],"collection":[{"href":"https:\/\/poga2000.dk\/de\/wp-json\/wp\/v2\/pages"}],"about":[{"href":"https:\/\/poga2000.dk\/de\/wp-json\/wp\/v2\/types\/page"}],"author":[{"embeddable":true,"href":"https:\/\/poga2000.dk\/de\/wp-json\/wp\/v2\/users\/1"}],"replies":[{"embeddable":true,"href":"https:\/\/poga2000.dk\/de\/wp-json\/wp\/v2\/comments?post=3496"}],"version-history":[{"count":5,"href":"https:\/\/poga2000.dk\/de\/wp-json\/wp\/v2\/pages\/3496\/revisions"}],"predecessor-version":[{"id":3504,"href":"https:\/\/poga2000.dk\/de\/wp-json\/wp\/v2\/pages\/3496\/revisions\/3504"}],"wp:attachment":[{"href":"https:\/\/poga2000.dk\/de\/wp-json\/wp\/v2\/media?parent=3496"}],"wp:term":[{"taxonomy":"category","embeddable":true,"href":"https:\/\/poga2000.dk\/de\/wp-json\/wp\/v2\/categories?post=3496"}],"curies":[{"name":"wp","href":"https:\/\/api.w.org\/{rel}","templated":true}]}}